{"id":1054,"date":"2023-06-02T07:22:29","date_gmt":"2023-06-02T07:22:29","guid":{"rendered":"https:\/\/wgl-demo.net\/itconf\/?page_id=1054"},"modified":"2026-01-28T14:25:42","modified_gmt":"2026-01-28T14:25:42","slug":"speakers","status":"publish","type":"page","link":"https:\/\/citscm.com\/fr\/speakers\/","title":{"rendered":"Intervenantes"},"content":{"rendered":"<div data-elementor-type=\"wp-page\" data-elementor-id=\"1054\" class=\"elementor elementor-1054\" data-elementor-post-type=\"page\">\n\t\t\t\t<div class=\"elementor-element elementor-element-ad9309d e-flex e-con-boxed e-con e-parent\" data-id=\"ad9309d\" data-element_type=\"container\" data-e-type=\"container\" data-settings=\"{&quot;background_background&quot;:&quot;classic&quot;}\">\n\t\t\t\t\t<div class=\"e-con-inner\">\n\t\t\t\t<div class=\"elementor-element elementor-element-decaf2c elementor-widget elementor-widget-spacer\" data-id=\"decaf2c\" data-element_type=\"widget\" data-e-type=\"widget\" data-widget_type=\"spacer.default\">\n\t\t\t\t<div class=\"elementor-widget-container\">\n\t\t\t\t\t\t\t<div class=\"elementor-spacer\">\n\t\t\t<div class=\"elementor-spacer-inner\"><\/div>\n\t\t<\/div>\n\t\t\t\t\t\t<\/div>\n\t\t\t\t<\/div>\n\t\t\t\t<div class=\"elementor-element elementor-element-bef15f7 aleft elementor-widget elementor-widget-wgl-double-heading\" data-id=\"bef15f7\" data-element_type=\"widget\" data-e-type=\"widget\" data-widget_type=\"wgl-double-heading.default\">\n\t\t\t\t<div class=\"elementor-widget-container\">\n\t\t\t\t\t<div class=\"wgl-double-heading\"><div class=\"dblh__wrapper\"><h3 class=\"dblh__title-wrapper\"><span class=\"dblh__title dblh__title-1\">Global tech leaders and rising <br>industry voices gather at the <br>Cameroon International Tech Summit.<\/span><\/h3><\/div><\/div>\t\t\t\t<\/div>\n\t\t\t\t<\/div>\n\t\t\t\t<div class=\"elementor-element elementor-element-67adc95 acenter elementor-widget-icon-box wgl-icon-box elementor-widget elementor-widget-wgl-button\" data-id=\"67adc95\" data-element_type=\"widget\" data-e-type=\"widget\" data-widget_type=\"wgl-button.default\">\n\t\t\t\t<div class=\"elementor-widget-container\">\n\t\t\t\t\t<a class=\"wgl-button btn-size-lg\" role=\"button\" href=\"https:\/\/app.citscm.com\/widget\/form\/Z9K7Xlkinvj3pZ9FujYN\"><div class=\"button__content align-icon-left\"><div class=\"media-wrapper icon-wrapper\"><span class=\"wgl-icon\" ><i class=\"icon elementor-icon flaticon-right\" aria-hidden=\"true\"><\/i><\/span><\/div><span class=\"button__text\">Pre-register for 2026<\/span><\/div><\/a>\t\t\t\t<\/div>\n\t\t\t\t<\/div>\n\t\t\t\t<div class=\"elementor-element elementor-element-9310770 elementor-widget elementor-widget-spacer\" data-id=\"9310770\" data-element_type=\"widget\" data-e-type=\"widget\" data-widget_type=\"spacer.default\">\n\t\t\t\t<div class=\"elementor-widget-container\">\n\t\t\t\t\t\t\t<div class=\"elementor-spacer\">\n\t\t\t<div class=\"elementor-spacer-inner\"><\/div>\n\t\t<\/div>\n\t\t\t\t\t\t<\/div>\n\t\t\t\t<\/div>\n\t\t\t\t\t<\/div>\n\t\t\t\t<\/div>\n\t\t\t\t<section class=\"elementor-section elementor-top-section elementor-element elementor-element-b5c1178 elementor-section-boxed elementor-section-height-default elementor-section-height-default\" data-id=\"b5c1178\" data-element_type=\"section\" data-e-type=\"section\" data-settings=\"{&quot;background_background&quot;:&quot;gradient&quot;}\">\n\t\t\t\t\t\t<div class=\"elementor-container elementor-column-gap-default\">\n\t\t\t\t\t<div class=\"elementor-column elementor-col-100 elementor-top-column elementor-element elementor-element-e89ca36\" data-id=\"e89ca36\" data-element_type=\"column\" data-e-type=\"column\">\n\t\t\t<div class=\"elementor-widget-wrap elementor-element-populated\">\n\t\t\t\t\t\t<div class=\"elementor-element elementor-element-6c7628e elementor-widget elementor-widget-spacer\" data-id=\"6c7628e\" data-element_type=\"widget\" data-e-type=\"widget\" data-widget_type=\"spacer.default\">\n\t\t\t\t<div class=\"elementor-widget-container\">\n\t\t\t\t\t\t\t<div class=\"elementor-spacer\">\n\t\t\t<div class=\"elementor-spacer-inner\"><\/div>\n\t\t<\/div>\n\t\t\t\t\t\t<\/div>\n\t\t\t\t<\/div>\n\t\t\t\t<div class=\"elementor-element elementor-element-9a1726c divider-yes aleft elementor-widget elementor-widget-wgl-double-heading\" data-id=\"9a1726c\" data-element_type=\"widget\" data-e-type=\"widget\" data-widget_type=\"wgl-double-heading.default\">\n\t\t\t\t<div class=\"elementor-widget-container\">\n\t\t\t\t\t<div class=\"wgl-double-heading\"><div class=\"dblh__subtitle\">Intervenants<\/div><div class=\"dblh__wrapper\"><h3 class=\"dblh__title-wrapper\"><span class=\"dblh__title dblh__title-1\">Intervenants mondiaux<\/span><\/h3><\/div><\/div>\t\t\t\t<\/div>\n\t\t\t\t<\/div>\n\t\t\t\t<div class=\"elementor-element elementor-element-0e2e059 elementor-widget elementor-widget-spacer\" data-id=\"0e2e059\" data-element_type=\"widget\" data-e-type=\"widget\" data-widget_type=\"spacer.default\">\n\t\t\t\t<div class=\"elementor-widget-container\">\n\t\t\t\t\t\t\t<div class=\"elementor-spacer\">\n\t\t\t<div class=\"elementor-spacer-inner\"><\/div>\n\t\t<\/div>\n\t\t\t\t\t\t<\/div>\n\t\t\t\t<\/div>\n\t\t\t\t<div class=\"elementor-element elementor-element-1792538 aleft elementor-widget elementor-widget-wgl-team\" data-id=\"1792538\" data-element_type=\"widget\" data-e-type=\"widget\" data-widget_type=\"wgl-team.default\">\n\t\t\t\t<div class=\"elementor-widget-container\">\n\t\t\t\t\t<section class=\"wgl_module_team\"><div class=\"team__members grid-col--4\"><article class=\"team__member\"><div class=\"member__wrapper\"><div class=\"member__media\"><a href=\"https:\/\/citscm.com\/fr\/team\/harmonie-essome\/\" class=\"member__thumbnail\"><img data-recalc-dims=\"1\" height=\"840\" width=\"720\" decoding=\"async\" src=\"https:\/\/i0.wp.com\/citscm.com\/wp-content\/uploads\/2026\/01\/Harmonie.webp?resize=720%2C840&#038;ssl=1\" class=\"thumbnail__featured\" alt=\"\"><\/a><\/div><div class=\"member__info-wrapper\"><div class=\"member__info\"><div class=\"member__meta-wrapper\"><div class=\"member__meta\"><div class=\"member__highlighted\">Founder SoftXcloud GmbH Ecosystem Builder &amp; Afro European Business Networker<\/div><h2 class=\"member__name\"><a href=\"https:\/\/citscm.com\/fr\/team\/harmonie-essome\/\">Harmonie Essome<\/a><\/h2><\/div><div class=\"member__icon\"><\/div><\/div><\/div><\/div><\/div><\/article><article class=\"team__member\"><div class=\"member__wrapper\"><div class=\"member__media\"><a href=\"https:\/\/citscm.com\/fr\/team\/james-akaba\/\" class=\"member__thumbnail\"><img data-recalc-dims=\"1\" height=\"840\" width=\"720\" decoding=\"async\" src=\"https:\/\/i0.wp.com\/citscm.com\/wp-content\/uploads\/2026\/01\/WhatsApp20Image202024-10-2520at2009.19.20_adcbfcd6.webp?resize=720%2C840&#038;ssl=1\" class=\"thumbnail__featured\" alt=\"\"><\/a><\/div><div class=\"member__info-wrapper\"><div class=\"member__info\"><div class=\"member__meta-wrapper\"><div class=\"member__meta\"><div class=\"member__highlighted\">Country Director of Open Dreams<\/div><h2 class=\"member__name\"><a href=\"https:\/\/citscm.com\/fr\/team\/james-akaba\/\">James Akaba<\/a><\/h2><\/div><div class=\"member__icon\"><\/div><\/div><\/div><\/div><\/div><\/article><article class=\"team__member\"><div class=\"member__wrapper\"><div class=\"member__media\"><a href=\"https:\/\/citscm.com\/fr\/team\/dr-ing-nkwenti-azong-wara\/\" class=\"member__thumbnail\"><img data-recalc-dims=\"1\" height=\"840\" width=\"720\" decoding=\"async\" src=\"https:\/\/i0.wp.com\/citscm.com\/wp-content\/uploads\/2026\/01\/Dr.20Nkwenti20.webp?resize=720%2C840&#038;ssl=1\" class=\"thumbnail__featured\" alt=\"\"><\/a><\/div><div class=\"member__info-wrapper\"><div class=\"member__info\"><div class=\"member__meta-wrapper\"><div class=\"member__meta\"><div class=\"member__highlighted\">CEO Maviance Cameroon<\/div><h2 class=\"member__name\"><a href=\"https:\/\/citscm.com\/fr\/team\/dr-ing-nkwenti-azong-wara\/\">Dr-Ing Nkwenti Azong-Wara<\/a><\/h2><\/div><div class=\"member__icon\"><\/div><\/div><\/div><\/div><\/div><\/article><article class=\"team__member\"><div class=\"member__wrapper\"><div class=\"member__media\"><a href=\"https:\/\/citscm.com\/fr\/team\/barrister-sarah-nju-dinga-nyoh\/\" class=\"member__thumbnail\"><img data-recalc-dims=\"1\" height=\"840\" width=\"720\" decoding=\"async\" src=\"https:\/\/i0.wp.com\/citscm.com\/wp-content\/uploads\/2026\/01\/WhatsApp20Image202024-10-1820at2009.29.49_92111478.webp?resize=720%2C840&#038;ssl=1\" class=\"thumbnail__featured\" alt=\"\"><\/a><\/div><div class=\"member__info-wrapper\"><div class=\"member__info\"><div class=\"member__meta-wrapper\"><div class=\"member__meta\"><div class=\"member__highlighted\">Founder &amp; Senior Partner DINGA-NYOH &amp; CO LAW OFFICE, IP ADVISORY, Harvard Law School<\/div><h2 class=\"member__name\"><a href=\"https:\/\/citscm.com\/fr\/team\/barrister-sarah-nju-dinga-nyoh\/\">Barrister Sarah Nju Dinga Nyoh<\/a><\/h2><\/div><div class=\"member__icon\"><\/div><\/div><\/div><\/div><\/div><\/article><article class=\"team__member\"><div class=\"member__wrapper\"><div class=\"member__media\"><a href=\"https:\/\/citscm.com\/fr\/team\/fadimatou-iyawa\/\" class=\"member__thumbnail\"><img data-recalc-dims=\"1\" height=\"840\" width=\"720\" decoding=\"async\" src=\"https:\/\/i0.wp.com\/citscm.com\/wp-content\/uploads\/2026\/01\/WhatsApp20Image202024-10-1120at2014.07.45_5638de21.jpg?resize=720%2C840&#038;ssl=1\" class=\"thumbnail__featured\" alt=\"\"><\/a><\/div><div class=\"member__info-wrapper\"><div class=\"member__info\"><div class=\"member__meta-wrapper\"><div class=\"member__meta\"><div class=\"member__highlighted\">President of the Cameroon National Youth Council (CNYC)<\/div><h2 class=\"member__name\"><a href=\"https:\/\/citscm.com\/fr\/team\/fadimatou-iyawa\/\">Fadimatou Iyawa<\/a><\/h2><\/div><div class=\"member__icon\"><\/div><\/div><\/div><\/div><\/div><\/article><article class=\"team__member\"><div class=\"member__wrapper\"><div class=\"member__media\"><a href=\"https:\/\/citscm.com\/fr\/team\/eric-ngongang\/\" class=\"member__thumbnail\"><img data-recalc-dims=\"1\" height=\"840\" width=\"720\" decoding=\"async\" src=\"https:\/\/i0.wp.com\/citscm.com\/wp-content\/uploads\/2026\/01\/9017605a-9617-4de8-8a3b-451ce9ebe1e9.webp?resize=720%2C840&#038;ssl=1\" class=\"thumbnail__featured\" alt=\"\"><\/a><\/div><div class=\"member__info-wrapper\"><div class=\"member__info\"><div class=\"member__meta-wrapper\"><div class=\"member__meta\"><div class=\"member__highlighted\">Head of Enterprise\u2019s Business Intelligence &amp; CVM - MTNC<\/div><h2 class=\"member__name\"><a href=\"https:\/\/citscm.com\/fr\/team\/eric-ngongang\/\">Eric Ngongang<\/a><\/h2><\/div><div class=\"member__icon\"><\/div><\/div><\/div><\/div><\/div><\/article><article class=\"team__member\"><div class=\"member__wrapper\"><div class=\"member__media\"><a href=\"https:\/\/citscm.com\/fr\/team\/jean-pierre-boep\/\" class=\"member__thumbnail\"><img data-recalc-dims=\"1\" height=\"840\" width=\"720\" decoding=\"async\" src=\"https:\/\/i0.wp.com\/citscm.com\/wp-content\/uploads\/2026\/01\/WhatsApp20Image202024-10-1720at2016.16.36_7685a313.webp?resize=720%2C840&#038;ssl=1\" class=\"thumbnail__featured\" alt=\"\"><\/a><\/div><div class=\"member__info-wrapper\"><div class=\"member__info\"><div class=\"member__meta-wrapper\"><div class=\"member__meta\"><div class=\"member__highlighted\">Pr\u00e9sident de l\u2019association Africa Technology &amp; Innovation<\/div><h2 class=\"member__name\"><a href=\"https:\/\/citscm.com\/fr\/team\/jean-pierre-boep\/\">Jean Pierre Boep<\/a><\/h2><\/div><div class=\"member__icon\"><\/div><\/div><\/div><\/div><\/div><\/article><article class=\"team__member\"><div class=\"member__wrapper\"><div class=\"member__media\"><a href=\"https:\/\/citscm.com\/fr\/team\/achille-dipita\/\" class=\"member__thumbnail\"><img data-recalc-dims=\"1\" height=\"840\" width=\"720\" decoding=\"async\" src=\"https:\/\/i0.wp.com\/citscm.com\/wp-content\/uploads\/2026\/01\/IMG_5443.jpg?resize=720%2C840&#038;ssl=1\" class=\"thumbnail__featured\" alt=\"\"><\/a><\/div><div class=\"member__info-wrapper\"><div class=\"member__info\"><div class=\"member__meta-wrapper\"><div class=\"member__meta\"><div class=\"member__highlighted\">CEO MADON<\/div><h2 class=\"member__name\"><a href=\"https:\/\/citscm.com\/fr\/team\/achille-dipita\/\">Achille Dipita<\/a><\/h2><\/div><div class=\"member__icon\"><\/div><\/div><\/div><\/div><\/div><\/article><article class=\"team__member\"><div class=\"member__wrapper\"><div class=\"member__media\"><a href=\"https:\/\/citscm.com\/fr\/team\/danielle-asah-mantho\/\" class=\"member__thumbnail\"><img data-recalc-dims=\"1\" height=\"840\" width=\"720\" decoding=\"async\" src=\"https:\/\/i0.wp.com\/citscm.com\/wp-content\/uploads\/2026\/01\/Danielle20pic20.png?resize=720%2C840&#038;ssl=1\" class=\"thumbnail__featured\" alt=\"\"><\/a><\/div><div class=\"member__info-wrapper\"><div class=\"member__info\"><div class=\"member__meta-wrapper\"><div class=\"member__meta\"><div class=\"member__highlighted\">Founder and CEO of DiDreams<\/div><h2 class=\"member__name\"><a href=\"https:\/\/citscm.com\/fr\/team\/danielle-asah-mantho\/\">Danielle Asah Mantho<\/a><\/h2><\/div><div class=\"member__icon\"><\/div><\/div><\/div><\/div><\/div><\/article><article class=\"team__member\"><div class=\"member__wrapper\"><div class=\"member__media\"><a href=\"https:\/\/citscm.com\/fr\/team\/eposi-frida\/\" class=\"member__thumbnail\"><img data-recalc-dims=\"1\" height=\"840\" width=\"720\" decoding=\"async\" src=\"https:\/\/i0.wp.com\/citscm.com\/wp-content\/uploads\/2026\/01\/Fri20Photo-scaled.jpg?resize=720%2C840&#038;ssl=1\" class=\"thumbnail__featured\" alt=\"\"><\/a><\/div><div class=\"member__info-wrapper\"><div class=\"member__info\"><div class=\"member__meta-wrapper\"><div class=\"member__meta\"><div class=\"member__highlighted\">Co-Founder &amp; COO Data Girl Technologies<\/div><h2 class=\"member__name\"><a href=\"https:\/\/citscm.com\/fr\/team\/eposi-frida\/\">Eposi Frida<\/a><\/h2><\/div><div class=\"member__icon\"><\/div><\/div><\/div><\/div><\/div><\/article><article class=\"team__member\"><div class=\"member__wrapper\"><div class=\"member__media\"><a href=\"https:\/\/citscm.com\/fr\/team\/georges-essama\/\" class=\"member__thumbnail\"><img data-recalc-dims=\"1\" height=\"840\" width=\"720\" decoding=\"async\" src=\"https:\/\/i0.wp.com\/citscm.com\/wp-content\/uploads\/2026\/01\/My20picture20New2028129.jpeg?resize=720%2C840&#038;ssl=1\" class=\"thumbnail__featured\" alt=\"\"><\/a><\/div><div class=\"member__info-wrapper\"><div class=\"member__info\"><div class=\"member__meta-wrapper\"><div class=\"member__meta\"><div class=\"member__highlighted\">Head of CX, Marketing and Comms Development CAMTEL<\/div><h2 class=\"member__name\"><a href=\"https:\/\/citscm.com\/fr\/team\/georges-essama\/\">Georges Essama<\/a><\/h2><\/div><div class=\"member__icon\"><\/div><\/div><\/div><\/div><\/div><\/article><article class=\"team__member\"><div class=\"member__wrapper\"><div class=\"member__media\"><a href=\"https:\/\/citscm.com\/fr\/team\/ngong-sandra\/\" class=\"member__thumbnail\"><img data-recalc-dims=\"1\" height=\"840\" width=\"720\" decoding=\"async\" src=\"https:\/\/i0.wp.com\/citscm.com\/wp-content\/uploads\/2026\/01\/IMG_57432028129-scaled.webp?resize=720%2C840&#038;ssl=1\" class=\"thumbnail__featured\" alt=\"\"><\/a><\/div><div class=\"member__info-wrapper\"><div class=\"member__info\"><div class=\"member__meta-wrapper\"><div class=\"member__meta\"><div class=\"member__highlighted\">CEO of Career Compass<\/div><h2 class=\"member__name\"><a href=\"https:\/\/citscm.com\/fr\/team\/ngong-sandra\/\">Ngong Sandra<\/a><\/h2><\/div><div class=\"member__icon\"><\/div><\/div><\/div><\/div><\/div><\/article><article class=\"team__member\"><div class=\"member__wrapper\"><div class=\"member__media\"><a href=\"https:\/\/citscm.com\/fr\/team\/laurent-kaczmarek\/\" class=\"member__thumbnail\"><img data-recalc-dims=\"1\" height=\"840\" width=\"720\" decoding=\"async\" src=\"https:\/\/i0.wp.com\/citscm.com\/wp-content\/uploads\/2026\/01\/Laurent20Kaczmarek-scaled.webp?resize=720%2C840&#038;ssl=1\" class=\"thumbnail__featured\" alt=\"\"><\/a><\/div><div class=\"member__info-wrapper\"><div class=\"member__info\"><div class=\"member__meta-wrapper\"><div class=\"member__meta\"><div class=\"member__highlighted\">Co-Founder &amp; Executive Director, Eagle Consulting Group<\/div><h2 class=\"member__name\"><a href=\"https:\/\/citscm.com\/fr\/team\/laurent-kaczmarek\/\">Laurent Kaczmarek<\/a><\/h2><\/div><div class=\"member__icon\"><\/div><\/div><\/div><\/div><\/div><\/article><article class=\"team__member\"><div class=\"member__wrapper\"><div class=\"member__media\"><a href=\"https:\/\/citscm.com\/fr\/team\/stezen-bisselou-nzengue\/\" class=\"member__thumbnail\"><img data-recalc-dims=\"1\" height=\"840\" width=\"720\" decoding=\"async\" src=\"https:\/\/i0.wp.com\/citscm.com\/wp-content\/uploads\/2026\/01\/WhatsApp20Image202024-10-2220at2019.07.25_69b220be.webp?resize=720%2C840&#038;ssl=1\" class=\"thumbnail__featured\" alt=\"\"><\/a><div class=\"member__socials\"><a href=\"\/fr\/linkedin.com\/in\/stezen-bisselou-nzengue-4a59a015a\/\" class=\"social__icon fab fa-linkedin\"><\/a><\/div><\/div><div class=\"member__info-wrapper\"><div class=\"member__info\"><div class=\"member__meta-wrapper\"><div class=\"member__meta\"><div class=\"member__highlighted\">Co-Founder &amp; COO PaySika<\/div><h2 class=\"member__name\"><a href=\"https:\/\/citscm.com\/fr\/team\/stezen-bisselou-nzengue\/\">Stezen Bisselou-Nzengue<\/a><\/h2><\/div><div class=\"member__icon\"><\/div><\/div><\/div><\/div><\/div><\/article><article class=\"team__member\"><div class=\"member__wrapper\"><div class=\"member__media\"><a href=\"https:\/\/citscm.com\/fr\/team\/ngami-tachini-verdi\/\" class=\"member__thumbnail\"><img data-recalc-dims=\"1\" height=\"840\" width=\"720\" decoding=\"async\" src=\"https:\/\/i0.wp.com\/citscm.com\/wp-content\/uploads\/2024\/10\/Verdi.webp?resize=720%2C840&#038;ssl=1\" class=\"thumbnail__featured\" alt=\"\"><\/a><div class=\"member__socials\"><a href=\"https:\/\/www.linkedin.com\/in\/verdi-ngami-tachini-28953a2b1\/\" class=\"social__icon fab fa-linkedin-in\"><\/a><\/div><\/div><div class=\"member__info-wrapper\"><div class=\"member__info\"><div class=\"member__meta-wrapper\"><div class=\"member__meta\"><div class=\"member__highlighted\">CEO de la Startup Wekonnect | ING. G\u00e9nie Num\u00e9rique<\/div><h2 class=\"member__name\"><a href=\"https:\/\/citscm.com\/fr\/team\/ngami-tachini-verdi\/\">Ngami Tachini Verdi<\/a><\/h2><\/div><div class=\"member__icon\"><\/div><\/div><\/div><\/div><\/div><\/article><article class=\"team__member\"><div class=\"member__wrapper\"><div class=\"member__media\"><a href=\"https:\/\/citscm.com\/fr\/team\/olivia-mukam-wandji\/\" class=\"member__thumbnail\"><img data-recalc-dims=\"1\" height=\"840\" width=\"720\" decoding=\"async\" src=\"https:\/\/i0.wp.com\/citscm.com\/wp-content\/uploads\/2024\/10\/Olivia.webp?resize=720%2C840&#038;ssl=1\" class=\"thumbnail__featured\" alt=\"\"><\/a><\/div><div class=\"member__info-wrapper\"><div class=\"member__info\"><div class=\"member__meta-wrapper\"><div class=\"member__meta\"><div class=\"member__highlighted\">Project Manager|Management Consultant, Francophone Africa<\/div><h2 class=\"member__name\"><a href=\"https:\/\/citscm.com\/fr\/team\/olivia-mukam-wandji\/\">Olivia Mukam Wandji<\/a><\/h2><\/div><div class=\"member__icon\"><\/div><\/div><\/div><\/div><\/div><\/article><article class=\"team__member\"><div class=\"member__wrapper\"><div class=\"member__media\"><a href=\"https:\/\/citscm.com\/fr\/team\/jean-rene-loumou\/\" class=\"member__thumbnail\"><img data-recalc-dims=\"1\" height=\"840\" width=\"720\" decoding=\"async\" src=\"https:\/\/i0.wp.com\/citscm.com\/wp-content\/uploads\/2024\/10\/Jean-Rene.webp?resize=720%2C840&#038;ssl=1\" class=\"thumbnail__featured\" alt=\"\"><\/a><div class=\"member__socials\"><a href=\"https:\/\/www.linkedin.com\/in\/loumou-nono-jean-ren%C3%A9-60432163\/\" class=\"social__icon fab fa-linkedin-in\"><\/a><\/div><\/div><div class=\"member__info-wrapper\"><div class=\"member__info\"><div class=\"member__meta-wrapper\"><div class=\"member__meta\"><div class=\"member__highlighted\">Expert en T\u00e9l\u00e9communications (Industirie G\u00e9o-spatiale)<\/div><h2 class=\"member__name\"><a href=\"https:\/\/citscm.com\/fr\/team\/jean-rene-loumou\/\">Jean Ren\u00e9 Loumou<\/a><\/h2><\/div><div class=\"member__icon\"><\/div><\/div><\/div><\/div><\/div><\/article><article class=\"team__member\"><div class=\"member__wrapper\"><div class=\"member__media\"><a href=\"https:\/\/citscm.com\/fr\/team\/eric-ntonfo\/\" class=\"member__thumbnail\"><img data-recalc-dims=\"1\" height=\"840\" width=\"720\" decoding=\"async\" src=\"https:\/\/i0.wp.com\/citscm.com\/wp-content\/uploads\/2024\/10\/Eric-Ntonfo.webp?resize=720%2C840&#038;ssl=1\" class=\"thumbnail__featured\" alt=\"\"><\/a><\/div><div class=\"member__info-wrapper\"><div class=\"member__info\"><div class=\"member__meta-wrapper\"><div class=\"member__meta\"><div class=\"member__highlighted\">Founder &amp; Manager, Fiatope Digital Solutions<\/div><h2 class=\"member__name\"><a href=\"https:\/\/citscm.com\/fr\/team\/eric-ntonfo\/\">Eric Ntonfo<\/a><\/h2><\/div><div class=\"member__icon\"><\/div><\/div><\/div><\/div><\/div><\/article><article class=\"team__member\"><div class=\"member__wrapper\"><div class=\"member__media\"><a href=\"https:\/\/citscm.com\/fr\/team\/leah-malla-rackovsky\/\" class=\"member__thumbnail\"><img data-recalc-dims=\"1\" height=\"840\" width=\"720\" decoding=\"async\" src=\"https:\/\/i0.wp.com\/citscm.com\/wp-content\/uploads\/2024\/10\/Leah-Malla-Rackovsky.webp?resize=720%2C840&#038;ssl=1\" class=\"thumbnail__featured\" alt=\"\"><\/a><\/div><div class=\"member__info-wrapper\"><div class=\"member__info\"><div class=\"member__meta-wrapper\"><div class=\"member__meta\"><div class=\"member__highlighted\">Corporate Finance Executive | Non-Executive Director<\/div><h2 class=\"member__name\"><a href=\"https:\/\/citscm.com\/fr\/team\/leah-malla-rackovsky\/\">Leah Malla Rackovsky<\/a><\/h2><\/div><div class=\"member__icon\"><\/div><\/div><\/div><\/div><\/div><\/article><article class=\"team__member\"><div class=\"member__wrapper\"><div class=\"member__media\"><a href=\"https:\/\/citscm.com\/fr\/team\/gaina-davila\/\" class=\"member__thumbnail\"><img data-recalc-dims=\"1\" height=\"840\" width=\"720\" decoding=\"async\" src=\"https:\/\/i0.wp.com\/citscm.com\/wp-content\/uploads\/2024\/10\/Gaina-Davila.webp?resize=720%2C840&#038;ssl=1\" class=\"thumbnail__featured\" alt=\"\"><\/a><\/div><div class=\"member__info-wrapper\"><div class=\"member__info\"><div class=\"member__meta-wrapper\"><div class=\"member__meta\"><div class=\"member__highlighted\">Public Affairs Officer, U.S. Embassy Yaound\u00e9, Cameroon<\/div><h2 class=\"member__name\"><a href=\"https:\/\/citscm.com\/fr\/team\/gaina-davila\/\">Ga\u00efna D\u00e1vila<\/a><\/h2><\/div><div class=\"member__icon\"><\/div><\/div><\/div><\/div><\/div><\/article><\/div><\/section>\t\t\t\t<\/div>\n\t\t\t\t<\/div>\n\t\t\t\t\t<\/div>\n\t\t<\/div>\n\t\t\t\t\t<\/div>\n\t\t<\/section>\n\t\t\t\t<\/div>","protected":false},"excerpt":{"rendered":"<p>Global tech leaders and rising industry voices gather at the Cameroon International Tech Summit. Pre-register for 2026 speakers global speakers Founder SoftXcloud GmbH Ecosystem Builder &amp; Afro European Business Networker Harmonie Essome Country Director of Open Dreams James Akaba CEO Maviance Cameroon Dr-Ing Nkwenti Azong-Wara Founder &amp; Senior Partner DINGA-NYOH &amp; CO LAW OFFICE, IP [&hellip;]<\/p>\n","protected":false},"author":1,"featured_media":0,"parent":0,"menu_order":0,"comment_status":"closed","ping_status":"closed","template":"","meta":{"inline_featured_image":false,"footnotes":""},"class_list":["post-1054","page","type-page","status-publish","hentry"],"_links":{"self":[{"href":"https:\/\/citscm.com\/fr\/wp-json\/wp\/v2\/pages\/1054","targetHints":{"allow":["GET"]}}],"collection":[{"href":"https:\/\/citscm.com\/fr\/wp-json\/wp\/v2\/pages"}],"about":[{"href":"https:\/\/citscm.com\/fr\/wp-json\/wp\/v2\/types\/page"}],"author":[{"embeddable":true,"href":"https:\/\/citscm.com\/fr\/wp-json\/wp\/v2\/users\/1"}],"replies":[{"embeddable":true,"href":"https:\/\/citscm.com\/fr\/wp-json\/wp\/v2\/comments?post=1054"}],"version-history":[{"count":97,"href":"https:\/\/citscm.com\/fr\/wp-json\/wp\/v2\/pages\/1054\/revisions"}],"predecessor-version":[{"id":7696,"href":"https:\/\/citscm.com\/fr\/wp-json\/wp\/v2\/pages\/1054\/revisions\/7696"}],"wp:attachment":[{"href":"https:\/\/citscm.com\/fr\/wp-json\/wp\/v2\/media?parent=1054"}],"curies":[{"name":"wp","href":"https:\/\/api.w.org\/{rel}","templated":true}]}}