{"id":5004,"date":"2024-09-21T07:49:32","date_gmt":"2024-09-21T07:49:32","guid":{"rendered":"https:\/\/citscm.com\/?page_id=5004"},"modified":"2024-09-21T08:18:19","modified_gmt":"2024-09-21T08:18:19","slug":"exhibition-registration","status":"publish","type":"page","link":"https:\/\/citscm.com\/fr\/exhibition-registration\/","title":{"rendered":"Exhibition Registration"},"content":{"rendered":"\t\t<div data-elementor-type=\"wp-page\" data-elementor-id=\"5004\" class=\"elementor elementor-5004\" data-elementor-post-type=\"page\">\n\t\t\t\t<div class=\"elementor-element elementor-element-3da55131 e-flex e-con-boxed e-con e-parent\" data-id=\"3da55131\" data-element_type=\"container\" data-e-type=\"container\">\n\t\t\t\t\t<div class=\"e-con-inner\">\n\t\t\t\t<div class=\"elementor-element elementor-element-a3e1ff0 elementor-widget elementor-widget-text-editor\" data-id=\"a3e1ff0\" data-element_type=\"widget\" data-e-type=\"widget\" data-widget_type=\"text-editor.default\">\n\t\t\t\t<div class=\"elementor-widget-container\">\n\t\t\t\t\t\t\t\t\t\t\t\t\t\t\t\t\t<\/div>\n\t\t\t\t<\/div>\n\t\t\t\t\t<\/div>\n\t\t\t\t<\/div>\n\t\t<div class=\"elementor-element elementor-element-b6051f4 e-flex e-con-boxed e-con e-parent\" data-id=\"b6051f4\" data-element_type=\"container\" data-e-type=\"container\">\n\t\t\t\t\t<div class=\"e-con-inner\">\n\t\t<div class=\"elementor-element elementor-element-f5693fc e-con-full e-flex e-con e-child\" data-id=\"f5693fc\" data-element_type=\"container\" data-e-type=\"container\">\n\t\t\t\t<div class=\"elementor-element elementor-element-fe19bf9 elementor-widget elementor-widget-heading\" data-id=\"fe19bf9\" data-element_type=\"widget\" data-e-type=\"widget\" data-widget_type=\"heading.default\">\n\t\t\t\t<div class=\"elementor-widget-container\">\n\t\t\t\t\t<h2 class=\"elementor-heading-title elementor-size-default\">CITS24 Exhibition Contract Form<\/h2>\t\t\t\t<\/div>\n\t\t\t\t<\/div>\n\t\t\t\t<div class=\"elementor-element elementor-element-d6752cb elementor-widget elementor-widget-text-editor\" data-id=\"d6752cb\" data-element_type=\"widget\" data-e-type=\"widget\" data-widget_type=\"text-editor.default\">\n\t\t\t\t<div class=\"elementor-widget-container\">\n\t\t\t\t\t\t\t\t\t<div class=\"\" data-block=\"true\" data-editor=\"5vgl2\" data-offset-key=\"e0533-0-0\">\n<div class=\"public-DraftStyleDefault-block public-DraftStyleDefault-ltr\" data-offset-key=\"e0533-0-0\"><span data-offset-key=\"e0533-0-0\">Welcome to the official registration form for exhibitors at the Cameroon International Tech Summit! Please complete the following information to secure your spot. For any questions, contact us at <\/span><a class=\"DraftLinkAnchor undefined\" href=\"mailto:hq@cits.cm\" rel=\"noopener noreferrer nofollow\" target=\"_blank\"><span data-offset-key=\"e0533-1-0\">hq@cits.cm<\/span><\/a><span data-offset-key=\"e0533-2-0\"> or <strong>682377237.<\/strong> <\/span><\/div>\n<\/div>\n<div class=\"\" data-block=\"true\" data-editor=\"5vgl2\" data-offset-key=\"f9hds-0-0\">\n<div class=\"public-DraftStyleDefault-block public-DraftStyleDefault-ltr\" data-offset-key=\"f9hds-0-0\"><span data-offset-key=\"f9hds-0-0\">\u00a0<\/span><\/div>\n<\/div>\n<div class=\"\" data-block=\"true\" data-editor=\"5vgl2\" data-offset-key=\"aqii3-0-0\">\n<div class=\"public-DraftStyleDefault-block public-DraftStyleDefault-ltr\" data-offset-key=\"aqii3-0-0\"><span data-offset-key=\"aqii3-0-0\">We look forward to seeing you there!<\/span><\/div>\n<\/div>\t\t\t\t\t\t\t\t<\/div>\n\t\t\t\t<\/div>\n\t\t\t\t<\/div>\n\t\t<div class=\"elementor-element elementor-element-18e0e6b e-con-full e-flex e-con e-child\" data-id=\"18e0e6b\" data-element_type=\"container\" data-e-type=\"container\">\n\t\t\t\t<div class=\"elementor-element elementor-element-06d39c0 elementor-widget elementor-widget-wpforms\" data-id=\"06d39c0\" data-element_type=\"widget\" data-e-type=\"widget\" data-widget_type=\"wpforms.default\">\n\t\t\t\t<div class=\"elementor-widget-container\">\n\t\t\t\t\t<style id=\"wpforms-css-vars-elementor-widget-06d39c0\">\n\t\t\t\t.elementor-widget-wpforms.elementor-element-06d39c0 {\n\t\t\t\t--wpforms-field-border-radius: 1px;\n--wpforms-field-border-color: #360050;\n--wpforms-field-border-color-spare: #360050;\n--wpforms-field-text-color: #360050;\n--wpforms-button-border-radius: 1px;\n--wpforms-button-background-color: #360050;\n\n\t\t\t}\n\t\t\t<\/style><div class=\"wpforms-container wpforms-container-full wpforms-block wpforms-block-3e4957d9-98cd-403d-8ad1-cecd50bfac64 wpforms-render-modern\" id=\"wpforms-4978\"><form id=\"wpforms-form-4978\" class=\"wpforms-validate wpforms-form wpforms-ajax-form\" data-formid=\"4978\" method=\"post\" enctype=\"multipart\/form-data\" action=\"\/fr\/wp-json\/wp\/v2\/pages\/5004?wpforms_form_id=4978\" data-token=\"4efc686dc69329d025c76b6c992831d3\" data-token-time=\"1777664468\"><noscript class=\"wpforms-error-noscript\">Veuillez activer JavaScript dans votre navigateur pour remplir ce formulaire.<\/noscript><div id=\"wpforms-error-noscript\" style=\"display: none;\">Veuillez activer JavaScript dans votre navigateur pour remplir ce formulaire.<\/div><div class=\"wpforms-page-indicator progress\" data-indicator=\"progress\" data-indicator-color=\"#066aab\" data-scroll=\"1\" role=\"progressbar\" aria-valuenow=\"1\" aria-valuemin=\"1\" aria-valuemax=\"2\" tabindex=\"-1\"><span class=\"wpforms-page-indicator-page-title\" ><\/span><span class=\"wpforms-page-indicator-page-title-sep\" style=\"display:none;\"> - <\/span><span class=\"wpforms-page-indicator-steps\">\u00c9tape <span class=\"wpforms-page-indicator-steps-current\">1<\/span> sur 2<\/span><div class=\"wpforms-page-indicator-page-progress-wrap\"><div class=\"wpforms-page-indicator-page-progress\" style=\"width:50%;background-color:#066aab\"><\/div><\/div><\/div><div class=\"wpforms-field-container\"><div class=\"wpforms-page wpforms-page-1 \" data-page=\"1\"><div id=\"wpforms-4978-field_29-container\" class=\"wpforms-field wpforms-field-pagebreak\" data-field-id=\"29\"><\/div><div id=\"wpforms-4978-field_17-container\" class=\"wpforms-field wpforms-field-divider\" data-field-id=\"17\"><h3 id=\"wpforms-4978-field_17\" aria-errormessage=\"wpforms-4978-field_17-error\">Section 1: Exhibitor Information<\/h3><\/div><div id=\"wpforms-4978-field_12-container\" class=\"wpforms-field wpforms-field-layout\" data-field-id=\"12\"><div class=\"wpforms-field-layout-rows wpforms-field-large\"><div class=\"wpforms-layout-row\"><div class=\"wpforms-layout-column wpforms-layout-column-50\"><div id=\"wpforms-4978-field_0-container\" class=\"wpforms-field wpforms-field-name\" data-field-id=\"0\"><label class=\"wpforms-field-label\" for=\"wpforms-4978-field_0\">Company Name <span class=\"wpforms-required-label\" aria-hidden=\"true\">*<\/span><\/label><input type=\"text\" id=\"wpforms-4978-field_0\" class=\"wpforms-field-medium wpforms-field-required\" name=\"wpforms[fields][0]\" aria-errormessage=\"wpforms-4978-field_0-error\" required><\/div><\/div><div class=\"wpforms-layout-column wpforms-layout-column-50\"><div id=\"wpforms-4978-field_13-container\" class=\"wpforms-field wpforms-field-url\" data-field-id=\"13\"><label class=\"wpforms-field-label\" for=\"wpforms-4978-field_13\">Company Website URL<\/label><input type=\"url\" id=\"wpforms-4978-field_13\" class=\"wpforms-field-medium\" name=\"wpforms[fields][13]\" aria-errormessage=\"wpforms-4978-field_13-error\" ><\/div><\/div><\/div><div class=\"wpforms-layout-row\"><div class=\"wpforms-layout-column wpforms-layout-column-50\"><div id=\"wpforms-4978-field_1-container\" class=\"wpforms-field wpforms-field-email\" data-field-id=\"1\"><label class=\"wpforms-field-label\" for=\"wpforms-4978-field_1\">Company Email <span class=\"wpforms-required-label\" aria-hidden=\"true\">*<\/span><\/label><input type=\"email\" id=\"wpforms-4978-field_1\" class=\"wpforms-field-medium wpforms-field-required\" name=\"wpforms[fields][1]\" spellcheck=\"false\" aria-errormessage=\"wpforms-4978-field_1-error\" required><\/div><\/div><div class=\"wpforms-layout-column wpforms-layout-column-50\"><div id=\"wpforms-4978-field_16-container\" class=\"wpforms-field wpforms-field-text\" data-field-id=\"16\"><label class=\"wpforms-field-label\" for=\"wpforms-4978-field_16\">Company Address <span class=\"wpforms-required-label\" aria-hidden=\"true\">*<\/span><\/label><input type=\"text\" id=\"wpforms-4978-field_16\" class=\"wpforms-field-medium wpforms-field-required\" name=\"wpforms[fields][16]\" aria-errormessage=\"wpforms-4978-field_16-error\" required><\/div><\/div><\/div><\/div><\/div><div id=\"wpforms-4978-field_4-container\" class=\"wpforms-field wpforms-field-select wpforms-field-select-style-classic\" data-field-id=\"4\"><label class=\"wpforms-field-label\" for=\"wpforms-4978-field_4\">Industry and field <span class=\"wpforms-required-label\" aria-hidden=\"true\">*<\/span><\/label><select id=\"wpforms-4978-field_4\" class=\"wpforms-field-large wpforms-field-required\" name=\"wpforms[fields][4]\" required=\"required\"><option value=\"Software\" >Software<\/option><option value=\"Art\" >Art<\/option><option value=\"Jewelry\" >Jewelry<\/option><option value=\"Electronics\" >Electronics<\/option><option value=\"Food\/Drinks\" >Food\/Drinks<\/option><option value=\"Clothing\" >Clothing<\/option><option value=\"Home\" >Home<\/option><option value=\"Other\" >Other<\/option><\/select><\/div><div id=\"wpforms-4978-field_15-container\" class=\"wpforms-field wpforms-field-divider\" data-field-id=\"15\"><h3 id=\"wpforms-4978-field_15\" aria-errormessage=\"wpforms-4978-field_15-error\">Section 2: Contact Person Details<\/h3><\/div><div id=\"wpforms-4978-field_18-container\" class=\"wpforms-field wpforms-field-layout\" data-field-id=\"18\"><div class=\"wpforms-field-layout-rows wpforms-field-large\"><div class=\"wpforms-layout-row\"><div class=\"wpforms-layout-column wpforms-layout-column-50\"><div id=\"wpforms-4978-field_19-container\" class=\"wpforms-field wpforms-field-name\" data-field-id=\"19\"><label class=\"wpforms-field-label\" for=\"wpforms-4978-field_19\">Full Name <span class=\"wpforms-required-label\" aria-hidden=\"true\">*<\/span><\/label><input type=\"text\" id=\"wpforms-4978-field_19\" class=\"wpforms-field-medium wpforms-field-required\" name=\"wpforms[fields][19]\" aria-errormessage=\"wpforms-4978-field_19-error\" required><\/div><\/div><div class=\"wpforms-layout-column wpforms-layout-column-50\"><div id=\"wpforms-4978-field_20-container\" class=\"wpforms-field wpforms-field-text\" data-field-id=\"20\"><label class=\"wpforms-field-label\" for=\"wpforms-4978-field_20\">Job Title<\/label><input type=\"text\" id=\"wpforms-4978-field_20\" class=\"wpforms-field-medium\" name=\"wpforms[fields][20]\" aria-errormessage=\"wpforms-4978-field_20-error\" ><\/div><\/div><\/div><div class=\"wpforms-layout-row\"><div class=\"wpforms-layout-column wpforms-layout-column-50\"><div id=\"wpforms-4978-field_21-container\" class=\"wpforms-field wpforms-field-email\" data-field-id=\"21\"><label class=\"wpforms-field-label\" for=\"wpforms-4978-field_21\">Email Address <span class=\"wpforms-required-label\" aria-hidden=\"true\">*<\/span><\/label><input type=\"email\" id=\"wpforms-4978-field_21\" class=\"wpforms-field-medium wpforms-field-required\" name=\"wpforms[fields][21]\" spellcheck=\"false\" aria-errormessage=\"wpforms-4978-field_21-error\" required><\/div><\/div><div class=\"wpforms-layout-column wpforms-layout-column-50\"><div id=\"wpforms-4978-field_22-container\" class=\"wpforms-field wpforms-field-phone\" data-field-id=\"22\"><label class=\"wpforms-field-label\" for=\"wpforms-4978-field_22\">Phone Number <span class=\"wpforms-required-label\" aria-hidden=\"true\">*<\/span><\/label><input type=\"tel\" id=\"wpforms-4978-field_22\" class=\"wpforms-field-medium wpforms-field-required\" data-rule-int-phone-field=\"true\" name=\"wpforms[fields][22]\" aria-label=\"Phone Number\" aria-errormessage=\"wpforms-4978-field_22-error\" required><\/div><\/div><\/div><\/div><\/div><div id=\"wpforms-4978-field_23-container\" class=\"wpforms-field wpforms-field-file-upload\" data-field-id=\"23\"><label class=\"wpforms-field-label\" for=\"wpforms-4978-field_23\">Company logo upload  <span class=\"wpforms-required-label\" aria-hidden=\"true\">*<\/span><\/label><div\n\t\tclass=\"wpforms-uploader\"\n\t\tdata-field-id=\"23\"\n\t\tdata-form-id=\"4978\"\n\t\tdata-input-name=\"wpforms_4978_23\"\n\t\tdata-extensions=\"jpg,jpeg,jpe,gif,png,bmp,tiff,tif,webp,avif,ico,heic,heif,heics,heifs,asf,asx,wmv,wmx,wm,avi,divx,mov,qt,mpeg,mpg,mpe,mp4,m4v,ogv,webm,mkv,3gp,3gpp,3g2,3gp2,txt,asc,c,cc,h,srt,csv,tsv,ics,rtx,css,vtt,mp3,m4a,m4b,aac,ra,ram,wav,x-wav,ogg,oga,flac,mid,midi,wma,wax,mka,rtf,pdf,class,tar,zip,gz,gzip,rar,7z,psd,xcf,doc,pot,pps,ppt,wri,xla,xls,xlt,xlw,mpp,docx,docm,dotx,dotm,xlsx,xlsm,xlsb,xltx,xltm,xlam,pptx,pptm,ppsx,ppsm,potx,potm,ppam,sldx,sldm,onetoc,onetoc2,onepkg,oxps,xps,odt,odp,ods,odg,odc,odb,odf,wp,wpd,key,numbers,pages,ttf,otf,eot,woff,woff2,svg,redux\"\n\t\tdata-max-size=\"1073741824\"\n\t\tdata-max-file-number=\"1\"\n\t\tdata-post-max-size=\"1073741824\"\n\t\tdata-max-parallel-uploads=\"4\"\n\t\tdata-parallel-uploads=\"true\"\n\t\tdata-file-chunk-size=\"2097152\">\n\t<div class=\"dz-message\">\n\t\t<svg viewBox=\"0 0 1024 1024\" focusable=\"false\" data-icon=\"inbox\" width=\"50px\" height=\"50px\" fill=\"currentColor\" aria-hidden=\"true\">\n\t\t\t<path d=\"M885.2 446.3l-.2-.8-112.2-285.1c-5-16.1-19.9-27.2-36.8-27.2H281.2c-17 0-32.1 11.3-36.9 27.6L139.4 443l-.3.7-.2.8c-1.3 4.9-1.7 9.9-1 14.8-.1 1.6-.2 3.2-.2 4.8V830a60.9 60.9 0 0 0 60.8 60.8h627.2c33.5 0 60.8-27.3 60.9-60.8V464.1c0-1.3 0-2.6-.1-3.7.4-4.9 0-9.6-1.3-14.1zm-295.8-43l-.3 15.7c-.8 44.9-31.8 75.1-77.1 75.1-22.1 0-41.1-7.1-54.8-20.6S436 441.2 435.6 419l-.3-15.7H229.5L309 210h399.2l81.7 193.3H589.4zm-375 76.8h157.3c24.3 57.1 76 90.8 140.4 90.8 33.7 0 65-9.4 90.3-27.2 22.2-15.6 39.5-37.4 50.7-63.6h156.5V814H214.4V480.1z\"><\/path>\n\t\t<\/svg>\n\t\t<span class=\"modern-title\">Cliquez ou d\u00e9placez un fichier dans cette zone pour le t\u00e9l\u00e9verser.<\/span>\n\n\t\t\t<\/div>\n<\/div>\n<input\n\t\ttype=\"text\"\n\t\tautocomplete=\"off\"\n\t\treadonly\n\t\tclass=\"dropzone-input\"\n\t\tstyle=\"position:absolute!important;clip:rect(0,0,0,0)!important;height:1px!important;width:1px!important;border:0!important;overflow:hidden!important;padding:0!important;margin:0!important;\"\n\t\tid=\"wpforms-4978-field_23\"\n\t\tname=\"wpforms_4978_23\" required\t\tvalue=\"\">\n<\/div><div id=\"wpforms-4978-field_24-container\" class=\"wpforms-field wpforms-field-divider\" data-field-id=\"24\"><h3 id=\"wpforms-4978-field_24\" aria-errormessage=\"wpforms-4978-field_24-error\" aria-describedby=\"wpforms-4978-field_24-description\">Section 3: Payment Details <\/h3><div id=\"wpforms-4978-field_24-description\" class=\"wpforms-field-description\">Once your registration is confirmed, an invoice will be sent to the email provided.<\/div><\/div><div id=\"wpforms-4978-field_25-container\" class=\"wpforms-field wpforms-field-checkbox wpforms-list-inline\" data-field-id=\"25\"><fieldset><legend class=\"wpforms-field-label\">Preferred Payment Method <span class=\"wpforms-required-label\" aria-hidden=\"true\">*<\/span><\/legend><ul id=\"wpforms-4978-field_25\" class=\"wpforms-field-required\" data-choice-limit=\"1\"><li class=\"choice-1 depth-1\"><input type=\"checkbox\" id=\"wpforms-4978-field_25_1\" data-rule-check-limit=\"true\" name=\"wpforms[fields][25][]\" value=\"Bank Transfer\" aria-errormessage=\"wpforms-4978-field_25_1-error\" required ><label class=\"wpforms-field-label-inline\" for=\"wpforms-4978-field_25_1\">Bank Transfer<\/label><\/li><li class=\"choice-2 depth-1\"><input type=\"checkbox\" id=\"wpforms-4978-field_25_2\" data-rule-check-limit=\"true\" name=\"wpforms[fields][25][]\" value=\"Mobile Money\" aria-errormessage=\"wpforms-4978-field_25_2-error\" required ><label class=\"wpforms-field-label-inline\" for=\"wpforms-4978-field_25_2\">Mobile Money<\/label><\/li><li class=\"choice-3 depth-1\"><input type=\"checkbox\" id=\"wpforms-4978-field_25_3\" data-rule-check-limit=\"true\" name=\"wpforms[fields][25][]\" value=\"Orange Money\" aria-errormessage=\"wpforms-4978-field_25_3-error\" required ><label class=\"wpforms-field-label-inline\" for=\"wpforms-4978-field_25_3\">Orange Money<\/label><\/li><li class=\"choice-4 depth-1\"><input type=\"checkbox\" id=\"wpforms-4978-field_25_4\" data-rule-check-limit=\"true\" name=\"wpforms[fields][25][]\" value=\"Bank Deposit\" aria-errormessage=\"wpforms-4978-field_25_4-error\" required ><label class=\"wpforms-field-label-inline\" for=\"wpforms-4978-field_25_4\">Bank Deposit<\/label><\/li><\/ul><\/fieldset><\/div><div id=\"wpforms-4978-field_26-container\" class=\"wpforms-field wpforms-field-divider\" data-field-id=\"26\"><h3 id=\"wpforms-4978-field_26\" aria-errormessage=\"wpforms-4978-field_26-error\">Section 4: Terms and Conditions<\/h3><\/div><div id=\"wpforms-4978-field_27-container\" class=\"wpforms-field wpforms-field-gdpr-checkbox\" data-field-id=\"27\"><ul id=\"wpforms-4978-field_27\" class=\"wpforms-field-required\"><li class=\"choice-1\"><input type=\"checkbox\" id=\"wpforms-4978-field_27_1\" name=\"wpforms[fields][27][]\" value=\"I agree to the terms and conditions of exhibiting at the Cameroon International Tech Summit (CITS)(Yes)\" aria-errormessage=\"wpforms-4978-field_27_1-error\" required ><label class=\"wpforms-field-label-inline\" for=\"wpforms-4978-field_27_1\">I agree to the terms and conditions of exhibiting at the Cameroon International Tech Summit (CITS)(Yes)<\/label><\/li><\/ul><\/div><div id=\"wpforms-4978-field_28-container\" class=\"wpforms-field wpforms-field-pagebreak\" data-field-id=\"28\"><div class=\"wpforms-clear wpforms-pagebreak-left\"><button class=\"wpforms-page-button wpforms-page-next wpforms-disabled\"\n\t\t\t\t\tdata-action=\"next\" data-page=\"1\" data-formid=\"4978\" aria-disabled=\"true\" aria-describedby=\"wpforms-error-noscript\">Next<\/button><\/div><\/div><\/div><div class=\"wpforms-page wpforms-page-2 last \" data-page=\"2\" style=\"display:none;\"><div id=\"wpforms-4978-field_31-container\" class=\"wpforms-field wpforms-field-entry-preview\" data-field-id=\"31\"><div class=\"wpforms-entry-preview-updating-message\">Mise \u00e0 jour de l\u2019aper\u00e7u\u2026<\/div><div class=\"wpforms-entry-preview-notice\" style=\"display: none;\"><strong>You will receive a confirmation email upon completion of your registration. <\/strong> Please review all details carefully before submitting the form<\/div><div class=\"wpforms-entry-preview-wrapper\" style=\"display: none;\"><\/div><\/div>\t\t<div id=\"wpforms-4978-field_2-container\"\n\t\t\tclass=\"wpforms-field wpforms-field-text\"\n\t\t\tdata-field-type=\"text\"\n\t\t\tdata-field-id=\"2\"\n\t\t\t>\n\t\t\t<label class=\"wpforms-field-label\" for=\"wpforms-4978-field_2\" >and Company Terms<\/label>\n\t\t\t<input type=\"text\" id=\"wpforms-4978-field_2\" class=\"wpforms-field-medium\" name=\"wpforms[fields][2]\" >\n\t\t<\/div>\n\t\t<div id=\"wpforms-4978-field_30-container\" class=\"wpforms-field wpforms-field-pagebreak\" data-field-id=\"30\"><div class=\"wpforms-clear wpforms-pagebreak-left\"><button class=\"wpforms-page-button wpforms-page-prev wpforms-disabled\"\n\t\t\t\t\tdata-action=\"prev\" data-page=\"2\" data-formid=\"4978\" aria-disabled=\"true\" aria-describedby=\"wpforms-error-noscript\">Previous<\/button><\/div><\/div><\/div><script>\n\t\t\t\t( function() {\n\t\t\t\t\tconst style = document.createElement( 'style' );\n\t\t\t\t\tstyle.appendChild( document.createTextNode( '#wpforms-4978-field_2-container { position: absolute !important; overflow: hidden !important; display: inline !important; height: 1px !important; width: 1px !important; z-index: -1000 !important; padding: 0 !important; } #wpforms-4978-field_2-container input { visibility: hidden; } #wpforms-conversational-form-page #wpforms-4978-field_2-container label { counter-increment: none; }' ) );\n\t\t\t\t\tdocument.head.appendChild( style );\n\t\t\t\t\tdocument.currentScript?.remove();\n\t\t\t\t} )();\n\t\t\t<\/script><\/div><!-- .wpforms-field-container --><div class=\"wpforms-submit-container\" style=\"display:none;\"><input type=\"hidden\" name=\"wpforms[id]\" value=\"4978\"><input type=\"hidden\" name=\"page_title\" value=\"\"><input type=\"hidden\" name=\"page_url\" value=\"https:\/\/citscm.com\/fr\/wp-json\/wp\/v2\/pages\/5004\"><input type=\"hidden\" name=\"url_referer\" value=\"\"><button type=\"submit\" name=\"wpforms[submit]\" id=\"wpforms-submit-4978\" class=\"wpforms-submit\" data-alt-text=\"Sending...\" data-submit-text=\"Submit\" aria-live=\"assertive\" value=\"wpforms-submit\">Submit<\/button><img decoding=\"async\" src=\"https:\/\/citscm.com\/wp-content\/plugins\/wpforms\/assets\/images\/submit-spin.svg\" class=\"wpforms-submit-spinner\" style=\"display: none;\" width=\"26\" height=\"26\" alt=\"Chargement en cours\"><\/div><\/form><\/div>  <!-- .wpforms-container -->\t\t\t\t<\/div>\n\t\t\t\t<\/div>\n\t\t\t\t<\/div>\n\t\t\t\t\t<\/div>\n\t\t\t\t<\/div>\n\t\t<div class=\"elementor-element elementor-element-fa47765 e-flex e-con-boxed e-con e-parent\" data-id=\"fa47765\" data-element_type=\"container\" data-e-type=\"container\">\n\t\t\t\t\t<div class=\"e-con-inner\">\n\t\t\t\t\t<\/div>\n\t\t\t\t<\/div>\n\t\t\t\t<\/div>\n\t\t","protected":false},"excerpt":{"rendered":"<p>CITS24 Exhibition Contract Form Welcome to the official registration form for exhibitors at the Cameroon International Tech Summit! Please complete the following information to secure your spot. For any questions, contact us at hq@cits.cm or 682377237. \u00a0 We look forward to seeing you there! Please enable JavaScript in your browser to complete this form.Please enable [&hellip;]<\/p>\n","protected":false},"author":1,"featured_media":0,"parent":0,"menu_order":0,"comment_status":"closed","ping_status":"closed","template":"","meta":{"inline_featured_image":false,"footnotes":""},"class_list":["post-5004","page","type-page","status-publish","hentry"],"_links":{"self":[{"href":"https:\/\/citscm.com\/fr\/wp-json\/wp\/v2\/pages\/5004","targetHints":{"allow":["GET"]}}],"collection":[{"href":"https:\/\/citscm.com\/fr\/wp-json\/wp\/v2\/pages"}],"about":[{"href":"https:\/\/citscm.com\/fr\/wp-json\/wp\/v2\/types\/page"}],"author":[{"embeddable":true,"href":"https:\/\/citscm.com\/fr\/wp-json\/wp\/v2\/users\/1"}],"replies":[{"embeddable":true,"href":"https:\/\/citscm.com\/fr\/wp-json\/wp\/v2\/comments?post=5004"}],"version-history":[{"count":27,"href":"https:\/\/citscm.com\/fr\/wp-json\/wp\/v2\/pages\/5004\/revisions"}],"predecessor-version":[{"id":5033,"href":"https:\/\/citscm.com\/fr\/wp-json\/wp\/v2\/pages\/5004\/revisions\/5033"}],"wp:attachment":[{"href":"https:\/\/citscm.com\/fr\/wp-json\/wp\/v2\/media?parent=5004"}],"curies":[{"name":"wp","href":"https:\/\/api.w.org\/{rel}","templated":true}]}}