{"id":5285,"date":"2024-09-27T17:04:35","date_gmt":"2024-09-27T17:04:35","guid":{"rendered":"https:\/\/citscm.com\/?page_id=5285"},"modified":"2024-09-29T17:42:05","modified_gmt":"2024-09-29T17:42:05","slug":"cits24-lions-den-registration","status":"publish","type":"page","link":"https:\/\/citscm.com\/fr\/cits24-lions-den-registration\/","title":{"rendered":"CITS24 Lions Den Registration"},"content":{"rendered":"\t\t<div data-elementor-type=\"wp-page\" data-elementor-id=\"5285\" class=\"elementor elementor-5285\" data-elementor-post-type=\"page\">\n\t\t\t\t<div class=\"elementor-element elementor-element-8bdaf1a e-flex e-con-boxed e-con e-parent\" data-id=\"8bdaf1a\" data-element_type=\"container\" data-e-type=\"container\">\n\t\t\t\t\t<div class=\"e-con-inner\">\n\t\t<div class=\"elementor-element elementor-element-b6b8128 e-con-full e-flex e-con e-child\" data-id=\"b6b8128\" data-element_type=\"container\" data-e-type=\"container\">\n\t\t\t\t<div class=\"elementor-element elementor-element-e64f221 elementor-widget elementor-widget-spacer\" data-id=\"e64f221\" data-element_type=\"widget\" data-e-type=\"widget\" data-widget_type=\"spacer.default\">\n\t\t\t\t<div class=\"elementor-widget-container\">\n\t\t\t\t\t\t\t<div class=\"elementor-spacer\">\n\t\t\t<div class=\"elementor-spacer-inner\"><\/div>\n\t\t<\/div>\n\t\t\t\t\t\t<\/div>\n\t\t\t\t<\/div>\n\t\t\t\t<div class=\"elementor-element elementor-element-58a9852 elementor-widget__width-initial elementor-widget elementor-widget-heading\" data-id=\"58a9852\" data-element_type=\"widget\" data-e-type=\"widget\" data-widget_type=\"heading.default\">\n\t\t\t\t<div class=\"elementor-widget-container\">\n\t\t\t\t\t<h2 class=\"elementor-heading-title elementor-size-default\">CITS24 Lion's Den Registration Form<\/h2>\t\t\t\t<\/div>\n\t\t\t\t<\/div>\n\t\t\t\t<div class=\"elementor-element elementor-element-79cb5a2 elementor-widget elementor-widget-text-editor\" data-id=\"79cb5a2\" data-element_type=\"widget\" data-e-type=\"widget\" data-widget_type=\"text-editor.default\">\n\t\t\t\t<div class=\"elementor-widget-container\">\n\t\t\t\t\t\t\t\t\t<div id=\"1726911014.004119\" class=\"c-virtual_list__item\" tabindex=\"0\" role=\"listitem\" aria-setsize=\"-1\" data-qa=\"virtual-list-item\" data-item-key=\"1726911014.004119\"><div class=\"c-message_kit__background c-message_kit__background--hovered p-message_pane_message__message c-message_kit__message\" role=\"presentation\" data-qa=\"message_container\" data-qa-unprocessed=\"false\" data-qa-placeholder=\"false\"><div class=\"c-message_kit__hover c-message_kit__hover--hovered\" role=\"document\" aria-roledescription=\"message\" data-qa-hover=\"true\"><div class=\"c-message_kit__actions c-message_kit__actions--above\"><div class=\"c-message_kit__gutter\"><div class=\"c-message_kit__gutter__right\" role=\"presentation\" data-qa=\"message_content\"><div class=\"c-message_kit__blocks c-message_kit__blocks--rich_text\"><div class=\"c-message__message_blocks c-message__message_blocks--rich_text\" data-qa=\"message-text\"><div class=\"p-block_kit_renderer\" data-qa=\"block-kit-renderer\"><div class=\"p-block_kit_renderer__block_wrapper p-block_kit_renderer__block_wrapper--first\"><div class=\"p-rich_text_block\" dir=\"auto\"><div class=\"p-rich_text_section\"><div class=\"\" data-block=\"true\" data-editor=\"fghjf\" data-offset-key=\"7fmpv-0-0\"><div class=\"public-DraftStyleDefault-block public-DraftStyleDefault-ltr\" data-offset-key=\"7fmpv-0-0\"><div class=\"\" data-block=\"true\" data-editor=\"4t0u9\" data-offset-key=\"e0533-0-0\"><div class=\"public-DraftStyleDefault-block public-DraftStyleDefault-ltr\" data-offset-key=\"e0533-0-0\"><span data-offset-key=\"e0533-0-0\">Welcome to the official registration form for the Cameroon International Tech Lion&#8217;s Den Contest. Please complete the following information to register. <\/span><\/div><\/div><div class=\"\" data-block=\"true\" data-editor=\"4t0u9\" data-offset-key=\"f23qf-0-0\"><div data-offset-key=\"f23qf-0-0\">\u00a0<\/div><div class=\"public-DraftStyleDefault-block public-DraftStyleDefault-ltr\" data-offset-key=\"f23qf-0-0\"><span data-offset-key=\"f23qf-0-0\">For any questions, contact us at <\/span><a class=\"DraftLinkAnchor undefined\" href=\"mailto:hq@cits.cm\" rel=\"noopener noreferrer nofollow\" target=\"_blank\"><span data-offset-key=\"f23qf-1-0\">hq@cits.cm<\/span><\/a><span data-offset-key=\"f23qf-2-0\"> or 682377237.<\/span><\/div><\/div><\/div><\/div><\/div><\/div><\/div><\/div><\/div><\/div><\/div><\/div><\/div><\/div><\/div><\/div>\t\t\t\t\t\t\t\t<\/div>\n\t\t\t\t<\/div>\n\t\t\t\t<\/div>\n\t\t\t\t<div class=\"elementor-element elementor-element-affa91d elementor-widget elementor-widget-spacer\" data-id=\"affa91d\" data-element_type=\"widget\" data-e-type=\"widget\" data-widget_type=\"spacer.default\">\n\t\t\t\t<div class=\"elementor-widget-container\">\n\t\t\t\t\t\t\t<div class=\"elementor-spacer\">\n\t\t\t<div class=\"elementor-spacer-inner\"><\/div>\n\t\t<\/div>\n\t\t\t\t\t\t<\/div>\n\t\t\t\t<\/div>\n\t\t<div class=\"elementor-element elementor-element-531bf6d e-con-full e-flex e-con e-child\" data-id=\"531bf6d\" data-element_type=\"container\" data-e-type=\"container\">\n\t\t\t\t<div class=\"elementor-element elementor-element-f6a5efc elementor-widget elementor-widget-wpforms\" data-id=\"f6a5efc\" data-element_type=\"widget\" data-e-type=\"widget\" data-widget_type=\"wpforms.default\">\n\t\t\t\t<div class=\"elementor-widget-container\">\n\t\t\t\t\t<style id=\"wpforms-css-vars-elementor-widget-f6a5efc\">\n\t\t\t\t.elementor-widget-wpforms.elementor-element-f6a5efc {\n\t\t\t\t--wpforms-field-border-color: #360050;\n--wpforms-field-border-color-spare: #360050;\n--wpforms-field-text-color: #360050;\n--wpforms-button-background-color: #360050;\n\n\t\t\t}\n\t\t\t<\/style><div class=\"wpforms-container wpforms-container-full wpforms-render-modern\" id=\"wpforms-5221\"><form id=\"wpforms-form-5221\" class=\"wpforms-validate wpforms-form wpforms-ajax-form\" data-formid=\"5221\" method=\"post\" enctype=\"multipart\/form-data\" action=\"\/fr\/wp-json\/wp\/v2\/pages\/5285?wpforms_form_id=5221\" data-token=\"260d0189da09bb8605cdf8b41d506731\" data-token-time=\"1777977093\"><noscript class=\"wpforms-error-noscript\">Veuillez activer JavaScript dans votre navigateur pour remplir ce formulaire.<\/noscript><div id=\"wpforms-error-noscript\" style=\"display: none;\">Veuillez activer JavaScript dans votre navigateur pour remplir ce formulaire.<\/div><div class=\"wpforms-field-container\"><div id=\"wpforms-5221-field_1-container\" class=\"wpforms-field wpforms-field-divider\" data-field-id=\"1\"><h3 id=\"wpforms-5221-field_1\" aria-errormessage=\"wpforms-5221-field_1-error\">1. Personal Information<\/h3><\/div><div id=\"wpforms-5221-field_2-container\" class=\"wpforms-field wpforms-field-layout\" data-field-id=\"2\"><div class=\"wpforms-field-layout-rows wpforms-field-large\"><div class=\"wpforms-layout-row\"><div class=\"wpforms-layout-column wpforms-layout-column-50\"><div id=\"wpforms-5221-field_3-container\" class=\"wpforms-field wpforms-field-name\" data-field-id=\"3\"><label class=\"wpforms-field-label\" for=\"wpforms-5221-field_3\">Full Name <span class=\"wpforms-required-label\" aria-hidden=\"true\">*<\/span><\/label><input type=\"text\" id=\"wpforms-5221-field_3\" class=\"wpforms-field-medium wpforms-field-required\" name=\"wpforms[fields][3]\" aria-errormessage=\"wpforms-5221-field_3-error\" required><\/div><\/div><div class=\"wpforms-layout-column wpforms-layout-column-50\"><div id=\"wpforms-5221-field_4-container\" class=\"wpforms-field wpforms-field-email\" data-field-id=\"4\"><label class=\"wpforms-field-label\" for=\"wpforms-5221-field_4\">Email <span class=\"wpforms-required-label\" aria-hidden=\"true\">*<\/span><\/label><input type=\"email\" id=\"wpforms-5221-field_4\" class=\"wpforms-field-medium wpforms-field-required\" name=\"wpforms[fields][4]\" spellcheck=\"false\" aria-errormessage=\"wpforms-5221-field_4-error\" required><\/div><\/div><\/div><div class=\"wpforms-layout-row\"><div class=\"wpforms-layout-column wpforms-layout-column-50\"><div id=\"wpforms-5221-field_5-container\" class=\"wpforms-field wpforms-field-phone\" data-field-id=\"5\"><label class=\"wpforms-field-label\" for=\"wpforms-5221-field_5\">Phone Number<\/label><input type=\"tel\" id=\"wpforms-5221-field_5\" class=\"wpforms-field-medium wpforms-smart-phone-field\" data-rule-smart-phone-field=\"true\" name=\"wpforms[fields][5]\" aria-label=\"Phone Number\" aria-errormessage=\"wpforms-5221-field_5-error\" ><\/div><\/div><div class=\"wpforms-layout-column wpforms-layout-column-50\"><div id=\"wpforms-5221-field_6-container\" class=\"wpforms-field wpforms-field-url\" data-field-id=\"6\"><label class=\"wpforms-field-label\" for=\"wpforms-5221-field_6\">LinkedIn Profile <span class=\"wpforms-required-label\" aria-hidden=\"true\">*<\/span><\/label><input type=\"url\" id=\"wpforms-5221-field_6\" class=\"wpforms-field-medium wpforms-field-required\" name=\"wpforms[fields][6]\" aria-errormessage=\"wpforms-5221-field_6-error\" required><\/div><\/div><\/div><\/div><\/div><div id=\"wpforms-5221-field_7-container\" class=\"wpforms-field wpforms-field-divider\" data-field-id=\"7\"><h3 id=\"wpforms-5221-field_7\" aria-errormessage=\"wpforms-5221-field_7-error\">2. Company Information<\/h3><\/div><div id=\"wpforms-5221-field_8-container\" class=\"wpforms-field wpforms-field-url\" data-field-id=\"8\"><label class=\"wpforms-field-label\" for=\"wpforms-5221-field_8\">Business Website (if applicable)<\/label><input type=\"url\" id=\"wpforms-5221-field_8\" class=\"wpforms-field-large\" name=\"wpforms[fields][8]\" aria-errormessage=\"wpforms-5221-field_8-error\" ><\/div><div id=\"wpforms-5221-field_10-container\" class=\"wpforms-field wpforms-field-checkbox wpforms-list-inline\" data-field-id=\"10\"><fieldset><legend class=\"wpforms-field-label\">Industry <span class=\"wpforms-required-label\" aria-hidden=\"true\">*<\/span><\/legend><ul id=\"wpforms-5221-field_10\" class=\"wpforms-field-required\" data-choice-limit=\"1\"><li class=\"choice-1 depth-1\"><input type=\"checkbox\" id=\"wpforms-5221-field_10_1\" data-rule-check-limit=\"true\" name=\"wpforms[fields][10][]\" value=\"Tech\" aria-errormessage=\"wpforms-5221-field_10_1-error\" required ><label class=\"wpforms-field-label-inline\" for=\"wpforms-5221-field_10_1\">Tech<\/label><\/li><li class=\"choice-2 depth-1\"><input type=\"checkbox\" id=\"wpforms-5221-field_10_2\" data-rule-check-limit=\"true\" name=\"wpforms[fields][10][]\" value=\"Healthcare\" aria-errormessage=\"wpforms-5221-field_10_2-error\" required ><label class=\"wpforms-field-label-inline\" for=\"wpforms-5221-field_10_2\">Healthcare<\/label><\/li><li class=\"choice-3 depth-1\"><input type=\"checkbox\" id=\"wpforms-5221-field_10_3\" data-rule-check-limit=\"true\" name=\"wpforms[fields][10][]\" value=\"Education\" aria-errormessage=\"wpforms-5221-field_10_3-error\" required ><label class=\"wpforms-field-label-inline\" for=\"wpforms-5221-field_10_3\">Education<\/label><\/li><li class=\"choice-4 depth-1\"><input type=\"checkbox\" id=\"wpforms-5221-field_10_4\" data-rule-check-limit=\"true\" name=\"wpforms[fields][10][]\" value=\"Agriculture\" aria-errormessage=\"wpforms-5221-field_10_4-error\" required ><label class=\"wpforms-field-label-inline\" for=\"wpforms-5221-field_10_4\">Agriculture<\/label><\/li><li class=\"choice-5 depth-1\"><input type=\"checkbox\" id=\"wpforms-5221-field_10_5\" data-rule-check-limit=\"true\" name=\"wpforms[fields][10][]\" value=\"Other\" aria-errormessage=\"wpforms-5221-field_10_5-error\" required ><label class=\"wpforms-field-label-inline\" for=\"wpforms-5221-field_10_5\">Other<\/label><\/li><\/ul><\/fieldset><\/div>\t\t<div id=\"wpforms-5221-field_9-container\"\n\t\t\tclass=\"wpforms-field wpforms-field-text\"\n\t\t\tdata-field-type=\"text\"\n\t\t\tdata-field-id=\"9\"\n\t\t\t>\n\t\t\t<label class=\"wpforms-field-label\" for=\"wpforms-5221-field_9\" >address? any of<\/label>\n\t\t\t<input type=\"text\" id=\"wpforms-5221-field_9\" class=\"wpforms-field-medium\" name=\"wpforms[fields][9]\" >\n\t\t<\/div>\n\t\t<div id=\"wpforms-5221-field_11-container\" class=\"wpforms-field wpforms-field-text\" data-field-id=\"11\"><label class=\"wpforms-field-label\" for=\"wpforms-5221-field_11\">If Other Specify here<\/label><input type=\"text\" id=\"wpforms-5221-field_11\" class=\"wpforms-field-large\" name=\"wpforms[fields][11]\" aria-errormessage=\"wpforms-5221-field_11-error\" ><\/div><div id=\"wpforms-5221-field_12-container\" class=\"wpforms-field wpforms-field-checkbox wpforms-list-inline\" data-field-id=\"12\"><fieldset><legend class=\"wpforms-field-label\">Business Stage <span class=\"wpforms-required-label\" aria-hidden=\"true\">*<\/span><\/legend><ul id=\"wpforms-5221-field_12\" class=\"wpforms-field-required\" data-choice-limit=\"1\"><li class=\"choice-6 depth-1\"><input type=\"checkbox\" id=\"wpforms-5221-field_12_6\" data-rule-check-limit=\"true\" name=\"wpforms[fields][12][]\" value=\"Idea\" aria-errormessage=\"wpforms-5221-field_12_6-error\" required ><label class=\"wpforms-field-label-inline\" for=\"wpforms-5221-field_12_6\">Idea<\/label><\/li><li class=\"choice-7 depth-1\"><input type=\"checkbox\" id=\"wpforms-5221-field_12_7\" data-rule-check-limit=\"true\" name=\"wpforms[fields][12][]\" value=\"Prototype\" aria-errormessage=\"wpforms-5221-field_12_7-error\" required ><label class=\"wpforms-field-label-inline\" for=\"wpforms-5221-field_12_7\">Prototype<\/label><\/li><li class=\"choice-8 depth-1\"><input type=\"checkbox\" id=\"wpforms-5221-field_12_8\" data-rule-check-limit=\"true\" name=\"wpforms[fields][12][]\" value=\"Early Stage\" aria-errormessage=\"wpforms-5221-field_12_8-error\" required ><label class=\"wpforms-field-label-inline\" for=\"wpforms-5221-field_12_8\">Early Stage<\/label><\/li><li class=\"choice-9 depth-1\"><input type=\"checkbox\" id=\"wpforms-5221-field_12_9\" data-rule-check-limit=\"true\" name=\"wpforms[fields][12][]\" value=\"Growth Stage\" aria-errormessage=\"wpforms-5221-field_12_9-error\" required ><label class=\"wpforms-field-label-inline\" for=\"wpforms-5221-field_12_9\">Growth Stage<\/label><\/li><\/ul><\/fieldset><\/div><div id=\"wpforms-5221-field_13-container\" class=\"wpforms-field wpforms-field-divider\" data-field-id=\"13\"><h3 id=\"wpforms-5221-field_13\" aria-errormessage=\"wpforms-5221-field_13-error\">3. Pitch Details<\/h3><\/div><div id=\"wpforms-5221-field_17-container\" class=\"wpforms-field wpforms-field-text\" data-field-id=\"17\"><label class=\"wpforms-field-label\" for=\"wpforms-5221-field_17\">Pitch Title <span class=\"wpforms-required-label\" aria-hidden=\"true\">*<\/span><\/label><input type=\"text\" id=\"wpforms-5221-field_17\" class=\"wpforms-field-large wpforms-field-required\" name=\"wpforms[fields][17]\" aria-errormessage=\"wpforms-5221-field_17-error\" required><\/div><div id=\"wpforms-5221-field_19-container\" class=\"wpforms-field wpforms-field-layout\" data-field-id=\"19\"><div class=\"wpforms-field-layout-rows wpforms-field-large\"><div class=\"wpforms-layout-row\"><div class=\"wpforms-layout-column wpforms-layout-column-50\"><div id=\"wpforms-5221-field_16-container\" class=\"wpforms-field wpforms-field-textarea\" data-field-id=\"16\"><label class=\"wpforms-field-label\" for=\"wpforms-5221-field_16\">Brief Description of Your Pitch (max 150 words) <span class=\"wpforms-required-label\" aria-hidden=\"true\">*<\/span><\/label><textarea id=\"wpforms-5221-field_16\" class=\"wpforms-field-medium wpforms-field-required wpforms-limit-characters-enabled\" data-form-id=\"5221\" data-field-id=\"16\" data-text-limit=\"150\" name=\"wpforms[fields][16]\" aria-errormessage=\"wpforms-5221-field_16-error\" maxlength=\"150\" required><\/textarea><\/div><\/div><div class=\"wpforms-layout-column wpforms-layout-column-50\"><div id=\"wpforms-5221-field_20-container\" class=\"wpforms-field wpforms-field-textarea\" data-field-id=\"20\"><label class=\"wpforms-field-label\" for=\"wpforms-5221-field_20\">What problem does your solution address? <span class=\"wpforms-required-label\" aria-hidden=\"true\">*<\/span><\/label><textarea id=\"wpforms-5221-field_20\" class=\"wpforms-field-medium wpforms-field-required wpforms-limit-characters-enabled\" data-form-id=\"5221\" data-field-id=\"20\" data-text-limit=\"150\" name=\"wpforms[fields][20]\" aria-errormessage=\"wpforms-5221-field_20-error\" maxlength=\"150\" required><\/textarea><\/div><\/div><\/div><\/div><\/div><div id=\"wpforms-5221-field_15-container\" class=\"wpforms-field wpforms-field-layout\" data-field-id=\"15\"><div class=\"wpforms-field-layout-rows wpforms-field-large\"><div class=\"wpforms-layout-row\"><div class=\"wpforms-layout-column wpforms-layout-column-50\"><div id=\"wpforms-5221-field_21-container\" class=\"wpforms-field wpforms-field-text\" data-field-id=\"21\"><label class=\"wpforms-field-label\" for=\"wpforms-5221-field_21\">Target Market <span class=\"wpforms-required-label\" aria-hidden=\"true\">*<\/span><\/label><input type=\"text\" id=\"wpforms-5221-field_21\" class=\"wpforms-field-medium wpforms-field-required\" name=\"wpforms[fields][21]\" aria-errormessage=\"wpforms-5221-field_21-error\" required><\/div><\/div><div class=\"wpforms-layout-column wpforms-layout-column-50\"><div id=\"wpforms-5221-field_22-container\" class=\"wpforms-field wpforms-field-text\" data-field-id=\"22\"><label class=\"wpforms-field-label\" for=\"wpforms-5221-field_22\">Funding Required<\/label><input type=\"text\" id=\"wpforms-5221-field_22\" class=\"wpforms-field-medium\" name=\"wpforms[fields][22]\" aria-errormessage=\"wpforms-5221-field_22-error\" ><\/div><\/div><\/div><\/div><\/div><div id=\"wpforms-5221-field_30-container\" class=\"wpforms-field wpforms-field-file-upload\" data-field-id=\"30\"><label class=\"wpforms-field-label\" for=\"wpforms-5221-field_30\">Upload Pitch Deck (powerpoint file) <span class=\"wpforms-required-label\" aria-hidden=\"true\">*<\/span><\/label><div\n\t\tclass=\"wpforms-uploader\"\n\t\tdata-field-id=\"30\"\n\t\tdata-form-id=\"5221\"\n\t\tdata-input-name=\"wpforms_5221_30\"\n\t\tdata-extensions=\"jpg,jpeg,jpe,gif,png,bmp,tiff,tif,webp,avif,ico,heic,heif,heics,heifs,asf,asx,wmv,wmx,wm,avi,divx,mov,qt,mpeg,mpg,mpe,mp4,m4v,ogv,webm,mkv,3gp,3gpp,3g2,3gp2,txt,asc,c,cc,h,srt,csv,tsv,ics,rtx,css,vtt,mp3,m4a,m4b,aac,ra,ram,wav,x-wav,ogg,oga,flac,mid,midi,wma,wax,mka,rtf,pdf,class,tar,zip,gz,gzip,rar,7z,psd,xcf,doc,pot,pps,ppt,wri,xla,xls,xlt,xlw,mpp,docx,docm,dotx,dotm,xlsx,xlsm,xlsb,xltx,xltm,xlam,pptx,pptm,ppsx,ppsm,potx,potm,ppam,sldx,sldm,onetoc,onetoc2,onepkg,oxps,xps,odt,odp,ods,odg,odc,odb,odf,wp,wpd,key,numbers,pages,ttf,otf,eot,woff,woff2,svg,redux\"\n\t\tdata-max-size=\"1073741824\"\n\t\tdata-max-file-number=\"1\"\n\t\tdata-post-max-size=\"1073741824\"\n\t\tdata-max-parallel-uploads=\"4\"\n\t\tdata-parallel-uploads=\"true\"\n\t\tdata-file-chunk-size=\"2097152\">\n\t<div class=\"dz-message\">\n\t\t<svg viewBox=\"0 0 1024 1024\" focusable=\"false\" data-icon=\"inbox\" width=\"50px\" height=\"50px\" fill=\"currentColor\" aria-hidden=\"true\">\n\t\t\t<path d=\"M885.2 446.3l-.2-.8-112.2-285.1c-5-16.1-19.9-27.2-36.8-27.2H281.2c-17 0-32.1 11.3-36.9 27.6L139.4 443l-.3.7-.2.8c-1.3 4.9-1.7 9.9-1 14.8-.1 1.6-.2 3.2-.2 4.8V830a60.9 60.9 0 0 0 60.8 60.8h627.2c33.5 0 60.8-27.3 60.9-60.8V464.1c0-1.3 0-2.6-.1-3.7.4-4.9 0-9.6-1.3-14.1zm-295.8-43l-.3 15.7c-.8 44.9-31.8 75.1-77.1 75.1-22.1 0-41.1-7.1-54.8-20.6S436 441.2 435.6 419l-.3-15.7H229.5L309 210h399.2l81.7 193.3H589.4zm-375 76.8h157.3c24.3 57.1 76 90.8 140.4 90.8 33.7 0 65-9.4 90.3-27.2 22.2-15.6 39.5-37.4 50.7-63.6h156.5V814H214.4V480.1z\"><\/path>\n\t\t<\/svg>\n\t\t<span class=\"modern-title\">Cliquez ou d\u00e9placez un fichier dans cette zone pour le t\u00e9l\u00e9verser.<\/span>\n\n\t\t\t<\/div>\n<\/div>\n<input\n\t\ttype=\"text\"\n\t\tautocomplete=\"off\"\n\t\treadonly\n\t\tclass=\"dropzone-input\"\n\t\tstyle=\"position:absolute!important;clip:rect(0,0,0,0)!important;height:1px!important;width:1px!important;border:0!important;overflow:hidden!important;padding:0!important;margin:0!important;\"\n\t\tid=\"wpforms-5221-field_30\"\n\t\tname=\"wpforms_5221_30\" required\t\tvalue=\"\">\n<\/div><div id=\"wpforms-5221-field_23-container\" class=\"wpforms-field wpforms-field-divider\" data-field-id=\"23\"><h3 id=\"wpforms-5221-field_23\" aria-errormessage=\"wpforms-5221-field_23-error\">Additional Information<\/h3><\/div><div id=\"wpforms-5221-field_24-container\" class=\"wpforms-field wpforms-field-layout\" data-field-id=\"24\"><div class=\"wpforms-field-layout-rows wpforms-field-large\"><div class=\"wpforms-layout-row\"><div class=\"wpforms-layout-column wpforms-layout-column-50\"><div id=\"wpforms-5221-field_25-container\" class=\"wpforms-field wpforms-field-text\" data-field-id=\"25\"><label class=\"wpforms-field-label\" for=\"wpforms-5221-field_25\">How did you hear about the CITS24 Lion&#039;s Den? <span class=\"wpforms-required-label\" aria-hidden=\"true\">*<\/span><\/label><input type=\"text\" id=\"wpforms-5221-field_25\" class=\"wpforms-field-medium wpforms-field-required\" name=\"wpforms[fields][25]\" aria-errormessage=\"wpforms-5221-field_25-error\" required><\/div><\/div><div class=\"wpforms-layout-column wpforms-layout-column-50\"><div id=\"wpforms-5221-field_26-container\" class=\"wpforms-field wpforms-field-text\" data-field-id=\"26\"><label class=\"wpforms-field-label\" for=\"wpforms-5221-field_26\">Do you have any specific requests or needs for your pitch?<\/label><input type=\"text\" id=\"wpforms-5221-field_26\" class=\"wpforms-field-medium\" name=\"wpforms[fields][26]\" aria-errormessage=\"wpforms-5221-field_26-error\" ><\/div><\/div><\/div><\/div><\/div><div id=\"wpforms-5221-field_27-container\" class=\"wpforms-field wpforms-field-divider\" data-field-id=\"27\"><h3 id=\"wpforms-5221-field_27\" aria-errormessage=\"wpforms-5221-field_27-error\">Agreement<\/h3><\/div><div id=\"wpforms-5221-field_28-container\" class=\"wpforms-field wpforms-field-gdpr-checkbox\" data-field-id=\"28\"><label class=\"wpforms-field-label\">CITS24 Pitch Competition Agreement <span class=\"wpforms-required-label\" aria-hidden=\"true\">*<\/span><\/label><ul id=\"wpforms-5221-field_28\" class=\"wpforms-field-required\"><li class=\"choice-1\"><input type=\"checkbox\" id=\"wpforms-5221-field_28_1\" name=\"wpforms[fields][28][]\" value=\"I confirm that I am available to present during the scheduled Lion&#039;s Den event dates.\" aria-errormessage=\"wpforms-5221-field_28_1-error\" required ><label class=\"wpforms-field-label-inline\" for=\"wpforms-5221-field_28_1\">I confirm that I am available to present during the scheduled Lion's Den event dates.<\/label><\/li><\/ul><\/div><script>\n\t\t\t\t( function() {\n\t\t\t\t\tconst style = document.createElement( 'style' );\n\t\t\t\t\tstyle.appendChild( document.createTextNode( '#wpforms-5221-field_9-container { position: absolute !important; overflow: hidden !important; display: inline !important; height: 1px !important; width: 1px !important; z-index: -1000 !important; padding: 0 !important; } #wpforms-5221-field_9-container input { visibility: hidden; } #wpforms-conversational-form-page #wpforms-5221-field_9-container label { counter-increment: none; }' ) );\n\t\t\t\t\tdocument.head.appendChild( style );\n\t\t\t\t\tdocument.currentScript?.remove();\n\t\t\t\t} )();\n\t\t\t<\/script><\/div><!-- .wpforms-field-container --><div class=\"wpforms-recaptcha-container wpforms-is-recaptcha wpforms-is-recaptcha-type-v2\" ><div class=\"g-recaptcha\" data-sitekey=\"6LculDoqAAAAAOiZOQR5jHR-UmwC6alVExPY5nWM\"><\/div><input type=\"text\" name=\"g-recaptcha-hidden\" class=\"wpforms-recaptcha-hidden\" style=\"position:absolute!important;clip:rect(0,0,0,0)!important;height:1px!important;width:1px!important;border:0!important;overflow:hidden!important;padding:0!important;margin:0!important;\" data-rule-recaptcha=\"1\"><\/div><div class=\"wpforms-submit-container\" ><input type=\"hidden\" name=\"wpforms[id]\" value=\"5221\"><input type=\"hidden\" name=\"page_title\" value=\"\"><input type=\"hidden\" name=\"page_url\" value=\"https:\/\/citscm.com\/fr\/wp-json\/wp\/v2\/pages\/5285\"><input type=\"hidden\" name=\"url_referer\" value=\"\"><button type=\"submit\" name=\"wpforms[submit]\" id=\"wpforms-submit-5221\" class=\"wpforms-submit\" data-alt-text=\"Sending...\" data-submit-text=\"Submit\" aria-live=\"assertive\" value=\"wpforms-submit\">Submit<\/button><img decoding=\"async\" src=\"https:\/\/citscm.com\/wp-content\/plugins\/wpforms\/assets\/images\/submit-spin.svg\" class=\"wpforms-submit-spinner\" style=\"display: none;\" width=\"26\" height=\"26\" alt=\"Chargement en cours\"><\/div><\/form><\/div>  <!-- .wpforms-container -->\t\t\t\t<\/div>\n\t\t\t\t<\/div>\n\t\t\t\t<\/div>\n\t\t\t\t\t<\/div>\n\t\t\t\t<\/div>\n\t\t\t\t<\/div>\n\t\t","protected":false},"excerpt":{"rendered":"<p>CITS24 Lion&#8217;s Den Registration Form Welcome to the official registration form for the Cameroon International Tech Lion&#8217;s Den Contest. Please complete the following information to register. \u00a0For any questions, contact us at hq@cits.cm or 682377237. Please enable JavaScript in your browser to complete this form.Please enable JavaScript in your browser to complete this form. 1. [&hellip;]<\/p>\n","protected":false},"author":1,"featured_media":0,"parent":0,"menu_order":0,"comment_status":"closed","ping_status":"closed","template":"","meta":{"inline_featured_image":false,"footnotes":""},"class_list":["post-5285","page","type-page","status-publish","hentry"],"_links":{"self":[{"href":"https:\/\/citscm.com\/fr\/wp-json\/wp\/v2\/pages\/5285","targetHints":{"allow":["GET"]}}],"collection":[{"href":"https:\/\/citscm.com\/fr\/wp-json\/wp\/v2\/pages"}],"about":[{"href":"https:\/\/citscm.com\/fr\/wp-json\/wp\/v2\/types\/page"}],"author":[{"embeddable":true,"href":"https:\/\/citscm.com\/fr\/wp-json\/wp\/v2\/users\/1"}],"replies":[{"embeddable":true,"href":"https:\/\/citscm.com\/fr\/wp-json\/wp\/v2\/comments?post=5285"}],"version-history":[{"count":16,"href":"https:\/\/citscm.com\/fr\/wp-json\/wp\/v2\/pages\/5285\/revisions"}],"predecessor-version":[{"id":5374,"href":"https:\/\/citscm.com\/fr\/wp-json\/wp\/v2\/pages\/5285\/revisions\/5374"}],"wp:attachment":[{"href":"https:\/\/citscm.com\/fr\/wp-json\/wp\/v2\/media?parent=5285"}],"curies":[{"name":"wp","href":"https:\/\/api.w.org\/{rel}","templated":true}]}}